{"id":2579,"date":"2024-12-04T11:43:10","date_gmt":"2024-12-04T10:43:10","guid":{"rendered":"https:\/\/bretgeld-engineering.de\/standorte\/"},"modified":"2026-04-17T12:42:49","modified_gmt":"2026-04-17T10:42:49","slug":"standorte","status":"publish","type":"page","link":"https:\/\/bretgeld-engineering.de\/de\/standorte\/","title":{"rendered":"Standorte"},"content":{"rendered":"<p>[et_pb_section fb_built=&#8220;1&#8243; custom_padding_last_edited=&#8220;on|tablet&#8220; _builder_version=&#8220;4.27.6&#8243; _module_preset=&#8220;default&#8220; background_color=&#8220;rgba(32,35,40,0.49)&#8220; background_image=&#8220;https:\/\/bretgeld-engineering.de\/wp-content\/uploads\/2026\/03\/pcb-assembly-facility-alsdorf-germany.jpg&#8220; background_position=&#8220;bottom_center&#8220; background_blend=&#8220;overlay&#8220; custom_padding=&#8220;6%||8%||false|false&#8220; custom_padding_tablet=&#8220;16%||18%||false|false&#8220; custom_padding_phone=&#8220;20%||26%||false|false&#8220; bottom_divider_style=&#8220;arrow2&#8243; bottom_divider_color=&#8220;#FFFFFF&#8220; bottom_divider_height=&#8220;136px&#8220; bottom_divider_height_tablet=&#8220;80px&#8220; bottom_divider_height_phone=&#8220;60px&#8220; bottom_divider_height_last_edited=&#8220;on|phone&#8220; locked=&#8220;off&#8220; global_colors_info=&#8220;{}&#8220; background_color__hover=&#8220;#0059b2&#8243; background_enable_color__hover=&#8220;on&#8220; background__hover_enabled=&#8220;off|hover&#8220;][et_pb_row _builder_version=&#8220;4.27.6&#8243; _module_preset=&#8220;default&#8220; custom_padding=&#8220;0px||0px||false|false&#8220; global_colors_info=&#8220;{}&#8220;][et_pb_column type=&#8220;4_4&#8243; _builder_version=&#8220;4.16&#8243; _module_preset=&#8220;default&#8220; global_colors_info=&#8220;{}&#8220;][et_pb_text _builder_version=&#8220;4.27.6&#8243; _module_preset=&#8220;default&#8220; header_font=&#8220;Montserrat|700|||||||&#8220; header_text_color=&#8220;#ffffff&#8220; header_font_size=&#8220;42px&#8220; header_letter_spacing=&#8220;3px&#8220; header_2_font=&#8220;Montserrat|700|||||||&#8220; header_2_text_color=&#8220;#ffffff&#8220; header_2_font_size=&#8220;34px&#8220; header_2_letter_spacing=&#8220;2px&#8220; header_3_font=&#8220;|600|||||||&#8220; header_3_text_color=&#8220;#FFFFFF&#8220; header_3_font_size=&#8220;24px&#8220; custom_margin=&#8220;||||false|false&#8220; custom_padding=&#8220;||2%||false|false&#8220; link_option_url=&#8220;#led_engine_design&#8220; header_font_size_tablet=&#8220;34px&#8220; header_font_size_phone=&#8220;30px&#8220; header_font_size_last_edited=&#8220;on|phone&#8220; header_2_font_tablet=&#8220;Montserrat|700|||||||&#8220; header_2_font_phone=&#8220;Montserrat|700|||||||&#8220; header_2_font_last_edited=&#8220;on|desktop&#8220; header_2_text_color_tablet=&#8220;#ffffff&#8220; header_2_text_color_phone=&#8220;#ffffff&#8220; header_2_text_color_last_edited=&#8220;on|desktop&#8220; header_2_font_size_tablet=&#8220;30px&#8220; header_2_font_size_phone=&#8220;28px&#8220; header_2_font_size_last_edited=&#8220;on|phone&#8220; header_2_letter_spacing_tablet=&#8220;2px&#8220; header_2_letter_spacing_phone=&#8220;2px&#8220; header_2_letter_spacing_last_edited=&#8220;on|desktop&#8220; header_2_line_height_tablet=&#8220;&#8220; header_2_line_height_phone=&#8220;&#8220; header_2_line_height_last_edited=&#8220;on|desktop&#8220; header_3_font_tablet=&#8220;|600|||||||&#8220; header_3_font_phone=&#8220;Montserrat|600|||||||&#8220; header_3_font_last_edited=&#8220;on|phone&#8220; header_3_text_color_tablet=&#8220;#FFFFFF&#8220; header_3_text_color_phone=&#8220;#FFFFFF&#8220; header_3_text_color_last_edited=&#8220;on|phone&#8220; header_3_font_size_tablet=&#8220;22px&#8220; header_3_font_size_phone=&#8220;22px&#8220; header_3_font_size_last_edited=&#8220;on|phone&#8220; header_3_letter_spacing_tablet=&#8220;&#8220; header_3_letter_spacing_phone=&#8220;&#8220; header_3_letter_spacing_last_edited=&#8220;on|phone&#8220; header_3_line_height_tablet=&#8220;&#8220; header_3_line_height_phone=&#8220;&#8220; header_3_line_height_last_edited=&#8220;on|phone&#8220; global_colors_info=&#8220;{}&#8220; header_text_color__hover_enabled=&#8220;off|hover&#8220; header_text_color__hover=&#8220;#202328&#8243;]<\/p>\n<h1 style=\"text-align: center;\">Standorte &amp; Einrichtungen<br \/>Bretgeld Engineering GmbH<\/h1>\n<p>[\/et_pb_text][et_pb_text _builder_version=&#8220;4.27.6&#8243; _module_preset=&#8220;default&#8220; text_font=&#8220;|600|||||||&#8220; text_text_color=&#8220;#FFFFFF&#8220; text_orientation=&#8220;center&#8220; background_layout=&#8220;dark&#8220; custom_margin=&#8220;-21px|||||&#8220; global_colors_info=&#8220;{}&#8220; text_text_color__hover_enabled=&#8220;off|hover&#8220; text_text_color__hover=&#8220;#202328&#8243;]<\/p>\n<p>Unsere Entwicklungs- und Produktionsst\u00e4tten befinden sich in Deutschland, was eine enge Zusammenarbeit zwischen Entwicklung und Produktion erm\u00f6glicht.<\/p>\n<p>[\/et_pb_text][\/et_pb_column][\/et_pb_row][\/et_pb_section][et_pb_section fb_built=&#8220;1&#8243; custom_padding_last_edited=&#8220;on|phone&#8220; _builder_version=&#8220;4.27.6&#8243; _module_preset=&#8220;default&#8220; background_enable_color=&#8220;off&#8220; custom_margin=&#8220;||||false|false&#8220; custom_padding=&#8220;3%||3%||true|false&#8220; custom_padding_tablet=&#8220;5%||||false|false&#8220; custom_padding_phone=&#8220;10%||10%||true|false&#8220; top_divider_color=&#8220;#202328&#8243; top_divider_flip=&#8220;vertical&#8220; global_colors_info=&#8220;{}&#8220;][et_pb_row column_structure=&#8220;1_2,1_2&#8243; use_custom_gutter=&#8220;on&#8220; gutter_width=&#8220;4&#8243; make_equal=&#8220;on&#8220; _builder_version=&#8220;4.18.0&#8243; _module_preset=&#8220;default&#8220; width_tablet=&#8220;&#8220; width_phone=&#8220;&#8220; width_last_edited=&#8220;on|desktop&#8220; max_width_tablet=&#8220;&#8220; max_width_phone=&#8220;&#8220; max_width_last_edited=&#8220;on|desktop&#8220; min_height_tablet=&#8220;&#8220; min_height_phone=&#8220;&#8220; min_height_last_edited=&#8220;on|desktop&#8220; height_tablet=&#8220;&#8220; height_phone=&#8220;&#8220; height_last_edited=&#8220;on|desktop&#8220; max_height_tablet=&#8220;&#8220; max_height_phone=&#8220;&#8220; max_height_last_edited=&#8220;on|desktop&#8220; module_alignment_tablet=&#8220;&#8220; module_alignment_phone=&#8220;&#8220; module_alignment_last_edited=&#8220;on|desktop&#8220; locked=&#8220;off&#8220; global_colors_info=&#8220;{}&#8220;][et_pb_column type=&#8220;1_2&#8243; _builder_version=&#8220;4.18.0&#8243; _module_preset=&#8220;default&#8220; custom_padding=&#8220;||||false|false&#8220; border_width_all=&#8220;2px&#8220; border_color_all=&#8220;#FFFFFF&#8220; border_style_all=&#8220;ridge&#8220; global_colors_info=&#8220;{}&#8220;][et_pb_blurb title=&#8220;Hauptquartier&#8220; url=&#8220;https:\/\/www.google.com\/maps\/dir\/41.3772457,2.1453686\/Bretgeld+Engineering+GmbH,+TPH+III,+Entrance+B,+Kaiserstra%C3%9Fe+100,+52134+Herzogenrath,+Alemania\/@50.8313824,6.0832553,20.35z\/data=!4m9!4m8!1m1!4e1!1m5!1m1!1s0x47c0990043c045e3:0xa4bd44191ccb7eb2!2m2!1d6.0834441!2d50.8314055?entry=ttu&amp;g_ep=EgoyMDI2MDQwNS4wIKXMDSoASAFQAw%3D%3D&#8220; url_new_window=&#8220;on&#8220; use_icon=&#8220;on&#8220; font_icon=&#8220;&#xf1ad;||fa||900&#8243; icon_color=&#8220;#FFFFFF&#8220; font_icon_tablet=&#8220;\ue01d||divi||400&#8243; font_icon_phone=&#8220;\ue01d||divi||400&#8243; font_icon_last_edited=&#8220;on|phone&#8220; module_id=&#8220;contact-form&#8220; _builder_version=&#8220;4.27.6&#8243; _module_preset=&#8220;default&#8220; header_level=&#8220;h2&#8243; body_font=&#8220;Source Sans Pro||||||||&#8220; body_ul_type=&#8220;circle&#8220; body_ul_position=&#8220;inside&#8220; background_color=&#8220;#2A6FB3&#8243; text_orientation=&#8220;center&#8220; background_layout=&#8220;dark&#8220; custom_padding=&#8220;10%||10%||true|false&#8220; global_colors_info=&#8220;{}&#8220; image_icon_width=&#8220;40px&#8220; hover_enabled=&#8220;0&#8243; sticky_enabled=&#8220;0&#8243;]<strong>Angewandte Technik &amp; Entwicklung<\/strong><\/p>\n<p>Produktentwicklung<br \/>\nLED-Technologie &amp; Steuerungssystemtechnik<br \/>\nProjektkoordination<span style=\"color: #4092e0;\"><\/span><strong><\/strong><\/p>\n<p><span class=\"et-pb-icon\" style=\"font-size: 33px;\">\ue01d<\/span><br \/>\n<strong>Kaisertr. 100<br \/>\n<\/strong><strong>TPH III, Eingang B, 2. Stock<\/strong><br \/>\n<strong>52134 Herzogenrath, Deutschland<\/strong>[\/et_pb_blurb][\/et_pb_column][et_pb_column type=&#8220;1_2&#8243; _builder_version=&#8220;4.18.0&#8243; _module_preset=&#8220;default&#8220; border_width_all=&#8220;1px&#8220; border_color_all=&#8220;#FFFFFF&#8220; global_colors_info=&#8220;{}&#8220;][et_pb_blurb title=&#8220;Produktionsst\u00e4tte&#8220; use_icon=&#8220;on&#8220; font_icon=&#8220;&#xf275;||fa||900&#8243; icon_color=&#8220;#FFFFFF&#8220; image_icon_width=&#8220;40px&#8220; font_icon_tablet=&#8220;\ue01d||divi||400&#8243; font_icon_phone=&#8220;\ue01d||divi||400&#8243; font_icon_last_edited=&#8220;on|phone&#8220; module_id=&#8220;contact-form&#8220; _builder_version=&#8220;4.27.6&#8243; _module_preset=&#8220;default&#8220; header_level=&#8220;h2&#8243; body_font=&#8220;Source Sans Pro||||||||&#8220; background_color=&#8220;#2A6FB3&#8243; image_icon_custom_margin=&#8220;||-25px||false|false&#8220; image_icon_custom_padding=&#8220;||||false|false&#8220; text_orientation=&#8220;center&#8220; background_layout=&#8220;dark&#8220; custom_padding=&#8220;12%||12%||true|false&#8220; hover_enabled=&#8220;0&#8243; global_colors_info=&#8220;{}&#8220; sticky_enabled=&#8220;0&#8243;]<\/p>\n<p><strong>PCB Montage &amp; Herstellung<\/strong><\/p>\n<p>SMT-Best\u00fcckungslinien<br \/>Prototyping &amp; Kleinserienproduktion<br \/>Pr\u00fcfung und Qualit\u00e4tskontrolle<\/p>\n<p><span style=\"color: #4092e0;\"><\/span><\/p>\n<p><span class=\"et-pb-icon\" style=\"font-size: 33px;\">\ue01d<\/span><br \/><strong>Joseph-Von-Fraunhofer-Stra\u00dfe 3C<\/strong><br \/><strong>52477 Alsdorf, Deutschland<br \/><\/strong><strong><\/strong><\/p>\n<p>[\/et_pb_blurb][\/et_pb_column][\/et_pb_row][\/et_pb_section][et_pb_section fb_built=&#8220;1&#8243; custom_padding_last_edited=&#8220;on|phone&#8220; admin_label=&#8220;Contact&#8220; module_id=&#8220;Kontakt_Formular&#8220; _builder_version=&#8220;4.27.6&#8243; _module_preset=&#8220;default&#8220; background_color=&#8220;#c7d0d9&#8243; custom_padding=&#8220;4%||4%||false|false&#8220; custom_padding_tablet=&#8220;6%||6%||false|false&#8220; custom_padding_phone=&#8220;10%||10%||true|false&#8220; top_divider_style=&#8220;arrow2&#8243; top_divider_color=&#8220;#FFFFFF&#8220; top_divider_height=&#8220;126px&#8220; top_divider_flip=&#8220;vertical&#8220; top_divider_height_tablet=&#8220;80px&#8220; top_divider_height_phone=&#8220;60px&#8220; top_divider_height_last_edited=&#8220;on|tablet&#8220; saved_tabs=&#8220;all&#8220; locked=&#8220;off&#8220; global_colors_info=&#8220;{}&#8220;][et_pb_row custom_padding_last_edited=&#8220;on|phone&#8220; module_id=&#8220;pcba-contact&#8220; _builder_version=&#8220;4.27.6&#8243; _module_preset=&#8220;default&#8220; custom_padding=&#8220;0px||0px||true|false&#8220; custom_padding_tablet=&#8220;0px||0px||true|false&#8220; custom_padding_phone=&#8220;0px||2%||false|false&#8220; global_colors_info=&#8220;{}&#8220;][et_pb_column type=&#8220;4_4&#8243; _builder_version=&#8220;4.16&#8243; _module_preset=&#8220;default&#8220; global_colors_info=&#8220;{}&#8220;][et_pb_text content_last_edited=&#8220;off|desktop&#8220; _builder_version=&#8220;4.27.6&#8243; _module_preset=&#8220;default&#8220; text_font=&#8220;Source Sans Pro||||||||&#8220; text_font_size=&#8220;30px&#8220; header_2_text_align=&#8220;center&#8220; header_2_text_color=&#8220;#202328&#8243; text_font_size_tablet=&#8220;28px&#8220; text_font_size_phone=&#8220;22px&#8220; text_font_size_last_edited=&#8220;on|phone&#8220; global_colors_info=&#8220;{}&#8220;]<\/p>\n<h2>Engineering-gesteuerte Entwicklung<br \/>f\u00fcr anspruchsvolle Anwendungen.<\/h2>\n<p>[\/et_pb_text][\/et_pb_column][\/et_pb_row][et_pb_row _builder_version=&#8220;4.27.6&#8243; _module_preset=&#8220;default&#8220; custom_padding=&#8220;2%||2%||true|false&#8220; global_colors_info=&#8220;{}&#8220;][et_pb_column type=&#8220;4_4&#8243; _builder_version=&#8220;4.27.4&#8243; _module_preset=&#8220;default&#8220; global_colors_info=&#8220;{}&#8220;][et_pb_text content_last_edited=&#8220;off|desktop&#8220; _builder_version=&#8220;4.27.6&#8243; _module_preset=&#8220;default&#8220; header_font=&#8220;|700|||||||&#8220; header_text_align=&#8220;center&#8220; header_text_color=&#8220;#000000&#8243; header_2_font=&#8220;|600|||||||&#8220; header_2_text_align=&#8220;center&#8220; header_2_text_color=&#8220;#202328&#8243; header_2_font_size=&#8220;40px&#8220; header_font_last_edited=&#8220;off|desktop&#8220; header_text_align_last_edited=&#8220;off|desktop&#8220; header_text_color_last_edited=&#8220;off|desktop&#8220; header_font_size_last_edited=&#8220;off|desktop&#8220; header_letter_spacing_last_edited=&#8220;off|desktop&#8220; header_line_height_last_edited=&#8220;off|desktop&#8220; header_2_font_tablet=&#8220;&#8220; header_2_font_phone=&#8220;&#8220; header_2_font_last_edited=&#8220;on|desktop&#8220; header_2_text_align_tablet=&#8220;&#8220; header_2_text_align_phone=&#8220;&#8220; header_2_text_align_last_edited=&#8220;on|desktop&#8220; header_2_text_color_tablet=&#8220;&#8220; header_2_text_color_phone=&#8220;&#8220; header_2_text_color_last_edited=&#8220;on|desktop&#8220; header_2_font_size_tablet=&#8220;34px&#8220; header_2_font_size_phone=&#8220;28px&#8220; header_2_font_size_last_edited=&#8220;off|desktop&#8220; header_2_letter_spacing_tablet=&#8220;&#8220; header_2_letter_spacing_phone=&#8220;&#8220; header_2_letter_spacing_last_edited=&#8220;on|desktop&#8220; header_2_line_height_tablet=&#8220;&#8220; header_2_line_height_phone=&#8220;&#8220; header_2_line_height_last_edited=&#8220;on|desktop&#8220; global_colors_info=&#8220;{}&#8220;]<\/p>\n<p style=\"text-align: center;\"><strong>Sie haben eine spezielle Anwendung oder Herausforderung?<\/strong> <br \/>Lassen Sie uns Ihr Projekt analysieren und gemeinsam die richtige L\u00f6sung entwickeln.<br \/>Nehmen Sie Kontakt auf, oder erkunden Sie unsere verwandten technischen M\u00f6glichkeiten.<\/p>\n<p>[\/et_pb_text][\/et_pb_column][\/et_pb_row][et_pb_row column_structure=&#8220;1_4,1_4,1_4,1_4&#8243; custom_padding_last_edited=&#8220;on|desktop&#8220; module_id=&#8220;pcba-contact&#8220; _builder_version=&#8220;4.27.6&#8243; _module_preset=&#8220;default&#8220; custom_padding=&#8220;0px||0px||false|false&#8220; custom_padding_tablet=&#8220;4%||4%||true|false&#8220; custom_padding_phone=&#8220;6%||6%||true|false&#8220; custom_css_main_element=&#8220;align-content:center;&#8220; border_radii=&#8220;on|10px|10px|10px|10px&#8220; border_color_all=&#8220;#FFFFFF&#8220; global_colors_info=&#8220;{}&#8220; custom_css_main_element_last_edited=&#8220;on|tablet&#8220; custom_css_main_element_tablet=&#8220;align-content:center;&#8220; custom_css_main_element_phone=&#8220;align-content:center;&#8220;][et_pb_column type=&#8220;1_4&#8243; _builder_version=&#8220;4.27.6&#8243; _module_preset=&#8220;default&#8220; custom_css_main_element=&#8220;align-content:center;&#8220; global_colors_info=&#8220;{}&#8220;][et_pb_button button_url=&#8220;https:\/\/bretgeld-engineering.de\/de\/#Kontakt_Formular&#8220; button_text=&#8220;Kontaktieren Sie uns&#8220; button_alignment=&#8220;center&#8220; _builder_version=&#8220;4.27.6&#8243; _module_preset=&#8220;default&#8220; custom_margin=&#8220;|0px||0px|false|false&#8220; button_text_size_tablet=&#8220;&#8220; button_text_size_phone=&#8220;&#8220; button_text_size_last_edited=&#8220;on|desktop&#8220; button_text_color_tablet=&#8220;&#8220; button_text_color_phone=&#8220;&#8220; button_text_color_last_edited=&#8220;on|desktop&#8220; button_border_width_tablet=&#8220;&#8220; button_border_width_phone=&#8220;&#8220; button_border_width_last_edited=&#8220;on|desktop&#8220; button_border_color_tablet=&#8220;&#8220; button_border_color_phone=&#8220;&#8220; button_border_color_last_edited=&#8220;on|desktop&#8220; button_border_radius_tablet=&#8220;&#8220; button_border_radius_phone=&#8220;&#8220; button_border_radius_last_edited=&#8220;on|desktop&#8220; button_letter_spacing_tablet=&#8220;&#8220; button_letter_spacing_phone=&#8220;&#8220; button_letter_spacing_last_edited=&#8220;on|desktop&#8220; button_font_tablet=&#8220;&#8220; button_font_phone=&#8220;&#8220; button_font_last_edited=&#8220;on|desktop&#8220; button_icon_tablet=&#8220;&#8220; button_icon_phone=&#8220;&#8220; button_icon_last_edited=&#8220;on|desktop&#8220; button_icon_color_tablet=&#8220;&#8220; button_icon_color_phone=&#8220;&#8220; button_icon_color_last_edited=&#8220;on|desktop&#8220; button_icon_placement_tablet=&#8220;&#8220; button_icon_placement_phone=&#8220;&#8220; button_icon_placement_last_edited=&#8220;on|desktop&#8220; button_on_hover_tablet=&#8220;&#8220; button_on_hover_phone=&#8220;&#8220; button_on_hover_last_edited=&#8220;on|desktop&#8220; global_colors_info=&#8220;{}&#8220; button_bg_color__hover_enabled=&#8220;on|hover&#8220; button_bg_color__hover=&#8220;#ef2d56&#8243; button_bg_enable_color__hover=&#8220;on&#8220; custom_margin__hover_enabled=&#8220;off|desktop&#8220;][\/et_pb_button][\/et_pb_column][et_pb_column type=&#8220;1_4&#8243; _builder_version=&#8220;4.27.6&#8243; _module_preset=&#8220;default&#8220; custom_css_main_element=&#8220;align-content:center;&#8220; global_colors_info=&#8220;{}&#8220;][et_pb_button button_url=&#8220;https:\/\/bretgeld-engineering.de\/de\/led-technologie\/&#8220; button_text=&#8220;LED-Technologie&#8220; button_alignment=&#8220;center&#8220; _builder_version=&#8220;4.27.6&#8243; _module_preset=&#8220;default&#8220; background_layout=&#8220;dark&#8220; custom_margin=&#8220;|0px||0px|false|false&#8220; button_text_size_tablet=&#8220;&#8220; button_text_size_phone=&#8220;&#8220; button_text_size_last_edited=&#8220;on|desktop&#8220; button_text_color_tablet=&#8220;&#8220; button_text_color_phone=&#8220;&#8220; button_text_color_last_edited=&#8220;on|desktop&#8220; button_border_width_tablet=&#8220;&#8220; button_border_width_phone=&#8220;&#8220; button_border_width_last_edited=&#8220;on|desktop&#8220; button_border_color_tablet=&#8220;&#8220; button_border_color_phone=&#8220;&#8220; button_border_color_last_edited=&#8220;on|desktop&#8220; button_border_radius_tablet=&#8220;&#8220; button_border_radius_phone=&#8220;&#8220; button_border_radius_last_edited=&#8220;on|desktop&#8220; button_letter_spacing_tablet=&#8220;&#8220; button_letter_spacing_phone=&#8220;&#8220; button_letter_spacing_last_edited=&#8220;on|desktop&#8220; button_font_tablet=&#8220;&#8220; button_font_phone=&#8220;&#8220; button_font_last_edited=&#8220;on|desktop&#8220; button_icon_tablet=&#8220;&#8220; button_icon_phone=&#8220;&#8220; button_icon_last_edited=&#8220;on|desktop&#8220; button_icon_color_tablet=&#8220;&#8220; button_icon_color_phone=&#8220;&#8220; button_icon_color_last_edited=&#8220;on|desktop&#8220; button_icon_placement_tablet=&#8220;&#8220; button_icon_placement_phone=&#8220;&#8220; button_icon_placement_last_edited=&#8220;on|desktop&#8220; button_on_hover_tablet=&#8220;&#8220; button_on_hover_phone=&#8220;&#8220; button_on_hover_last_edited=&#8220;on|desktop&#8220; global_colors_info=&#8220;{}&#8220; button_bg_color__hover_enabled=&#8220;on|hover&#8220; button_bg_color__hover=&#8220;#ef2d56&#8243; button_bg_enable_color__hover=&#8220;on&#8220; custom_margin__hover_enabled=&#8220;off|desktop&#8220;][\/et_pb_button][\/et_pb_column][et_pb_column type=&#8220;1_4&#8243; _builder_version=&#8220;4.27.6&#8243; _module_preset=&#8220;default&#8220; custom_css_main_element=&#8220;align-content:center;&#8220; global_colors_info=&#8220;{}&#8220;][et_pb_button button_url=&#8220;https:\/\/bretgeld-engineering.de\/de\/kontroll-loesungen\/&#8220; button_text=&#8220;Kontroll-L\u00f6sungen&#8220; button_alignment=&#8220;center&#8220; _builder_version=&#8220;4.27.6&#8243; _module_preset=&#8220;default&#8220; background_layout=&#8220;dark&#8220; custom_margin=&#8220;|0px||0px|false|false&#8220; button_text_size_tablet=&#8220;&#8220; button_text_size_phone=&#8220;&#8220; button_text_size_last_edited=&#8220;on|desktop&#8220; button_text_color_tablet=&#8220;&#8220; button_text_color_phone=&#8220;&#8220; button_text_color_last_edited=&#8220;on|desktop&#8220; button_border_width_tablet=&#8220;&#8220; button_border_width_phone=&#8220;&#8220; button_border_width_last_edited=&#8220;on|desktop&#8220; button_border_color_tablet=&#8220;&#8220; button_border_color_phone=&#8220;&#8220; button_border_color_last_edited=&#8220;on|desktop&#8220; button_border_radius_tablet=&#8220;&#8220; button_border_radius_phone=&#8220;&#8220; button_border_radius_last_edited=&#8220;on|desktop&#8220; button_letter_spacing_tablet=&#8220;&#8220; button_letter_spacing_phone=&#8220;&#8220; button_letter_spacing_last_edited=&#8220;on|desktop&#8220; button_font_tablet=&#8220;&#8220; button_font_phone=&#8220;&#8220; button_font_last_edited=&#8220;on|desktop&#8220; button_icon_tablet=&#8220;&#8220; button_icon_phone=&#8220;&#8220; button_icon_last_edited=&#8220;on|desktop&#8220; button_icon_color_tablet=&#8220;&#8220; button_icon_color_phone=&#8220;&#8220; button_icon_color_last_edited=&#8220;on|desktop&#8220; button_icon_placement_tablet=&#8220;&#8220; button_icon_placement_phone=&#8220;&#8220; button_icon_placement_last_edited=&#8220;on|desktop&#8220; button_on_hover_tablet=&#8220;&#8220; button_on_hover_phone=&#8220;&#8220; button_on_hover_last_edited=&#8220;on|desktop&#8220; global_colors_info=&#8220;{}&#8220; button_bg_color__hover_enabled=&#8220;on|hover&#8220; button_bg_color__hover=&#8220;#ef2d56&#8243; button_bg_enable_color__hover=&#8220;on&#8220; custom_margin__hover_enabled=&#8220;off|desktop&#8220;][\/et_pb_button][\/et_pb_column][et_pb_column type=&#8220;1_4&#8243; _builder_version=&#8220;4.27.6&#8243; _module_preset=&#8220;default&#8220; custom_css_main_element=&#8220;align-content:center;&#8220; global_colors_info=&#8220;{}&#8220;][et_pb_button button_url=&#8220;https:\/\/bretgeld-engineering.de\/de\/pcb-bestuckung-deutschland\/&#8220; button_text=&#8220;PCB Montage&#8220; button_alignment=&#8220;center&#8220; _builder_version=&#8220;4.27.6&#8243; _module_preset=&#8220;default&#8220; custom_margin_tablet=&#8220;20px|||0px|false|false&#8220; custom_margin_last_edited=&#8220;off|desktop&#8220; custom_padding_tablet=&#8220;||||false|true&#8220; custom_padding_phone=&#8220;||||false|true&#8220; custom_padding_last_edited=&#8220;off|desktop&#8220; button_text_size_tablet=&#8220;&#8220; button_text_size_phone=&#8220;&#8220; button_text_size_last_edited=&#8220;on|desktop&#8220; button_text_color_tablet=&#8220;&#8220; button_text_color_phone=&#8220;&#8220; button_text_color_last_edited=&#8220;on|desktop&#8220; button_border_width_tablet=&#8220;&#8220; button_border_width_phone=&#8220;&#8220; button_border_width_last_edited=&#8220;on|desktop&#8220; button_border_color_tablet=&#8220;&#8220; button_border_color_phone=&#8220;&#8220; button_border_color_last_edited=&#8220;on|desktop&#8220; button_border_radius_tablet=&#8220;&#8220; button_border_radius_phone=&#8220;&#8220; button_border_radius_last_edited=&#8220;on|desktop&#8220; button_letter_spacing_tablet=&#8220;&#8220; button_letter_spacing_phone=&#8220;&#8220; button_letter_spacing_last_edited=&#8220;on|desktop&#8220; button_font_tablet=&#8220;&#8220; button_font_phone=&#8220;&#8220; button_font_last_edited=&#8220;on|desktop&#8220; button_icon_tablet=&#8220;&#8220; button_icon_phone=&#8220;&#8220; button_icon_last_edited=&#8220;on|desktop&#8220; button_icon_color_tablet=&#8220;&#8220; button_icon_color_phone=&#8220;&#8220; button_icon_color_last_edited=&#8220;on|desktop&#8220; button_icon_placement_tablet=&#8220;&#8220; button_icon_placement_phone=&#8220;&#8220; button_icon_placement_last_edited=&#8220;on|desktop&#8220; button_on_hover_tablet=&#8220;&#8220; button_on_hover_phone=&#8220;&#8220; button_on_hover_last_edited=&#8220;on|desktop&#8220; global_colors_info=&#8220;{}&#8220; button_bg_color__hover_enabled=&#8220;on|hover&#8220; button_bg_color__hover=&#8220;#ef2d56&#8243; button_bg_enable_color__hover=&#8220;on&#8220; custom_margin__hover_enabled=&#8220;off|desktop&#8220;][\/et_pb_button][\/et_pb_column][\/et_pb_row][\/et_pb_section]<\/p>\n","protected":false},"excerpt":{"rendered":"<p>Standorte &amp; EinrichtungenBretgeld Engineering GmbHUnsere Entwicklungs- und Produktionsst\u00e4tten befinden sich in Deutschland, was eine enge Zusammenarbeit zwischen Entwicklung und Produktion erm\u00f6glicht.Angewandte Technik &amp; Entwicklung Produktentwicklung LED-Technologie &amp; Steuerungssystemtechnik Projektkoordination \ue01d Kaisertr. 100 TPH III, Eingang B, 2. Stock 52134 Herzogenrath, DeutschlandPCB Montage &amp; Herstellung SMT-Best\u00fcckungslinienPrototyping &amp; KleinserienproduktionPr\u00fcfung und Qualit\u00e4tskontrolle \ue01dJoseph-Von-Fraunhofer-Stra\u00dfe 3C52477 Alsdorf, DeutschlandEngineering-gesteuerte Entwicklungf\u00fcr anspruchsvolle Anwendungen.Sie haben eine spezielle Anwendung oder Herausforderung? Lassen Sie uns Ihr Projekt analysieren und gemeinsam die richtige L\u00f6sung entwickeln.Nehmen Sie Kontakt auf, oder erkunden Sie unsere verwandten technischen M\u00f6glichkeiten.<\/p>\n","protected":false},"author":1,"featured_media":0,"parent":0,"menu_order":0,"comment_status":"closed","ping_status":"closed","template":"","meta":{"_et_pb_use_builder":"on","_et_pb_old_content":"","_et_gb_content_width":"","footnotes":""},"class_list":["post-2579","page","type-page","status-publish","hentry"],"_links":{"self":[{"href":"https:\/\/bretgeld-engineering.de\/de\/wp-json\/wp\/v2\/pages\/2579","targetHints":{"allow":["GET"]}}],"collection":[{"href":"https:\/\/bretgeld-engineering.de\/de\/wp-json\/wp\/v2\/pages"}],"about":[{"href":"https:\/\/bretgeld-engineering.de\/de\/wp-json\/wp\/v2\/types\/page"}],"author":[{"embeddable":true,"href":"https:\/\/bretgeld-engineering.de\/de\/wp-json\/wp\/v2\/users\/1"}],"replies":[{"embeddable":true,"href":"https:\/\/bretgeld-engineering.de\/de\/wp-json\/wp\/v2\/comments?post=2579"}],"version-history":[{"count":12,"href":"https:\/\/bretgeld-engineering.de\/de\/wp-json\/wp\/v2\/pages\/2579\/revisions"}],"predecessor-version":[{"id":2708,"href":"https:\/\/bretgeld-engineering.de\/de\/wp-json\/wp\/v2\/pages\/2579\/revisions\/2708"}],"wp:attachment":[{"href":"https:\/\/bretgeld-engineering.de\/de\/wp-json\/wp\/v2\/media?parent=2579"}],"curies":[{"name":"wp","href":"https:\/\/api.w.org\/{rel}","templated":true}]}}